{"id":124,"date":"2016-10-17T19:36:40","date_gmt":"2016-10-17T17:36:40","guid":{"rendered":"http:\/\/loyertreckerfreunde.de\/?page_id=124"},"modified":"2025-08-07T08:14:56","modified_gmt":"2025-08-07T06:14:56","slug":"die-loyer-treckerfreunde","status":"publish","type":"page","link":"https:\/\/loyertreckerfreunde.de\/index.php\/die-loyer-treckerfreunde\/","title":{"rendered":"Die Loyer Treckerfreunde"},"content":{"rendered":"<p style=\"text-align: justify;\">Die Loyer Treckerfreunde sind eine Interessengemeinschaft aus der Gemeinde Rastede. Unser Verein (n. e. V.) z\u00e4hlt ca. 130 Mitglieder &#8211; alle teilen das Interesse und die Liebe zu Oldtimertreckern und landwirtschaftlichen Ger\u00e4ten. Unsere Mitglieder bringen ca. 90 Trecker mit in den Verein. Vom Deutz \u00fcber G\u00fcldner bis Unimog ist (fast) alles dabei.<\/p>\n<p style=\"text-align: justify;\"><strong>Die Entstehung der Loyer Treckerfreunde<\/strong><\/p>\n<p style=\"text-align: justify;\">Gemeinsam k\u00f6nnen wir bereits auf eine \u00fcber 22 j\u00e4hrige Vereinsgeschichte zur\u00fcckblicken. 2001 schlossen sich vier treckerbegeisterte Jungs zusammen und besuchten erste Oldtimertreffen, wie Bohlenbergerfeld und Hollen, in der n\u00e4heren Umgebung. Bereits 2 Jahre sp\u00e4ter, im Sommer 2003, organisierten sie ihr erstes, eigenes Oldtimertreffen auf dem Sportplatz in Loy. Es fand Samstags und Sonntags statt und sprach viele Leute im Ort an. Zur Gr\u00fcndungsveranstaltung der Loyer Treckerfreunde im Oktober 2003 ist die Zahl der Interessierten und zuk\u00fcnftigen Mitglieder dann schon auf 36 Personen angewachsen. Mit der Zeit sind immer mehr aktive und passive Mitglieder hinzu gekommen.<\/p>\n<p style=\"text-align: justify;\"><strong>Besuch von Oldtimertreffen<\/strong><\/p>\n<p style=\"text-align: justify;\">J\u00e4hrlich besuchen wir ca. 5 &#8211; 7 Oldtimertreffen im Umkreis von 10 bis 100 km. Sogar ins benachbarte Ausland fahren wir mit unseren Schleppern &#8211; und auch das 150 km entfernte Treffen in Roswinkel (Niederlande) ist uns nicht zu weit. Beim Oldtimertreffen angekommen, platzieren wir unsere Bauwagen und Wohnwagen und bauen unseren Pavillion auf, damit wir gegen alle Wetterlagen gut ger\u00fcstet sind. Man bestaunt andere Oldtimersch\u00e4tze und schon beginnt das gemeinsame Fachsimpeln und der Austausch von Tipps und Tricks. Nat\u00fcrlich darf auch das Bier und abends ein gem\u00fctliches Lagerfeuer nicht fehlen. Eigentlich ein echter Kurzurlaub in lustiger Gesellschaft. Mittlerweile kennen wir viele Oldtimervereine und die ein oder andere Freundschaft ist entstanden.<\/p>\n<p style=\"text-align: justify;\"><strong>Unsere Oldtimertreffen<\/strong><\/p>\n<p style=\"text-align: justify;\">Alle 2 Jahre organisieren und veranstalten die Loyer Treckerfreunde ein Oldtimertreffen auf einem Acker am Ortsrand in Loy\/ Barghorn. Zahlreiche Trecker und Bauwagen unterschiedlicher Vereine versammeln sich dann auf dem Platz, um Erfahrungen auszutauschen, ihre Schlepper auf dem Acker mal richtig w\u00fchlen zu lassen und abends im Festzelt gemeinsam zu feiern.<br \/>\nDie Kleinen erwartet ebenso ein spannendes Programm wie die Erwachsenen. W\u00e4hrend des Oldtimertreffens organisieren wir gemeinsame Ausfahrten mit m\u00f6glichst vielen Treckern. Zudem zeigen wir die Kartoffelernte mit historischem Ger\u00e4t und f\u00fchren eine Bergmann Dreschmaschine vor, die \u00fcber einen Flachriemen von einem Lanz angetrieben wird.<br \/>\nDie Kleinen d\u00fcrfen mit unserem Wackelboot Loylita eine Runde \u00fcber den Platz fahren und sich auf der H\u00fcpfburg oder bei der Goldsuche im Sandkasten austoben. Nat\u00fcrlich sorgen wir auch f\u00fcr Verpflegung. Neben Pommes und Bratwurst, gibt es an beiden Tagen auch ein Kaffee- und Kuchenangebot und Sonntags ein Fr\u00fchst\u00fccksbuffet.<\/p>\n<div id=\"attachment_146\" style=\"width: 514px\" class=\"wp-caption alignnone\"><img loading=\"lazy\" decoding=\"async\" aria-describedby=\"caption-attachment-146\" class=\" wp-image-146\" src=\"http:\/\/loyertreckerfreunde.de\/wp-content\/uploads\/2016\/10\/Oldtimertreffen_Loy_2015_Luftbild-300x225.jpg\" alt=\"DCIM100GOPROG0113481.\" width=\"504\" height=\"378\" srcset=\"https:\/\/loyertreckerfreunde.de\/wp-content\/uploads\/2016\/10\/Oldtimertreffen_Loy_2015_Luftbild-300x225.jpg 300w, https:\/\/loyertreckerfreunde.de\/wp-content\/uploads\/2016\/10\/Oldtimertreffen_Loy_2015_Luftbild-768x576.jpg 768w, https:\/\/loyertreckerfreunde.de\/wp-content\/uploads\/2016\/10\/Oldtimertreffen_Loy_2015_Luftbild-1024x768.jpg 1024w, https:\/\/loyertreckerfreunde.de\/wp-content\/uploads\/2016\/10\/Oldtimertreffen_Loy_2015_Luftbild-676x507.jpg 676w\" sizes=\"auto, (max-width: 504px) 100vw, 504px\" \/><p id=\"caption-attachment-146\" class=\"wp-caption-text\">Oldtimertreffen Loy\/Barghorn 2015<\/p><\/div>\n<div id=\"attachment_140\" style=\"width: 514px\" class=\"wp-caption alignnone\"><img loading=\"lazy\" decoding=\"async\" aria-describedby=\"caption-attachment-140\" class=\"wp-image-140\" src=\"http:\/\/loyertreckerfreunde.de\/wp-content\/uploads\/2016\/10\/P1090661-300x225.jpg\" alt=\"p1090661\" width=\"504\" height=\"378\" srcset=\"https:\/\/loyertreckerfreunde.de\/wp-content\/uploads\/2016\/10\/P1090661-300x225.jpg 300w, https:\/\/loyertreckerfreunde.de\/wp-content\/uploads\/2016\/10\/P1090661-768x576.jpg 768w, https:\/\/loyertreckerfreunde.de\/wp-content\/uploads\/2016\/10\/P1090661-1024x768.jpg 1024w, https:\/\/loyertreckerfreunde.de\/wp-content\/uploads\/2016\/10\/P1090661-676x507.jpg 676w\" sizes=\"auto, (max-width: 504px) 100vw, 504px\" \/><p id=\"caption-attachment-140\" class=\"wp-caption-text\">Lanz Bulldog und Bergmann Dreschmaschine<\/p><\/div>\n<div id=\"attachment_144\" style=\"width: 517px\" class=\"wp-caption alignnone\"><img loading=\"lazy\" decoding=\"async\" aria-describedby=\"caption-attachment-144\" class=\" wp-image-144\" src=\"http:\/\/loyertreckerfreunde.de\/wp-content\/uploads\/2016\/10\/P1090498-300x225.jpg\" alt=\"Unser Wackelboot - die Loylita\" width=\"507\" height=\"380\" srcset=\"https:\/\/loyertreckerfreunde.de\/wp-content\/uploads\/2016\/10\/P1090498-300x225.jpg 300w, https:\/\/loyertreckerfreunde.de\/wp-content\/uploads\/2016\/10\/P1090498-768x576.jpg 768w, https:\/\/loyertreckerfreunde.de\/wp-content\/uploads\/2016\/10\/P1090498-1024x768.jpg 1024w, https:\/\/loyertreckerfreunde.de\/wp-content\/uploads\/2016\/10\/P1090498-676x507.jpg 676w\" sizes=\"auto, (max-width: 507px) 100vw, 507px\" \/><p id=\"caption-attachment-144\" class=\"wp-caption-text\">Unser Wackelboot &#8211; die Loylita<\/p><\/div>\n<p style=\"text-align: justify;\"><strong>Treckerausfahrten des Vereins<\/strong><\/p>\n<p style=\"text-align: justify;\">In den Sommermonaten werden regelm\u00e4\u00dfig Treckerausfahrten organisiert. Nicht nur Vereinsmitglieder sind herzlich willkommen,&nbsp; sondern auch andere Interessierte mit eigenem Trecker.<\/p>\n<div id=\"attachment_148\" style=\"width: 514px\" class=\"wp-caption alignnone\"><img loading=\"lazy\" decoding=\"async\" aria-describedby=\"caption-attachment-148\" class=\" wp-image-148\" src=\"http:\/\/loyertreckerfreunde.de\/wp-content\/uploads\/2016\/10\/IMG_1118-300x225.jpg\" alt=\"Treckerausfahrt Mai 2015\" width=\"504\" height=\"378\" srcset=\"https:\/\/loyertreckerfreunde.de\/wp-content\/uploads\/2016\/10\/IMG_1118-300x225.jpg 300w, https:\/\/loyertreckerfreunde.de\/wp-content\/uploads\/2016\/10\/IMG_1118-768x576.jpg 768w, https:\/\/loyertreckerfreunde.de\/wp-content\/uploads\/2016\/10\/IMG_1118-1024x768.jpg 1024w, https:\/\/loyertreckerfreunde.de\/wp-content\/uploads\/2016\/10\/IMG_1118-676x507.jpg 676w\" sizes=\"auto, (max-width: 504px) 100vw, 504px\" \/><p id=\"caption-attachment-148\" class=\"wp-caption-text\">Treckerausfahrt Mai 2015<\/p><\/div>\n<p style=\"text-align: justify;\">Ebenso findet einmal im Jahr ein Sommerfest statt, bei der meist eine l\u00e4ngere Ausfahrt geplant und etwas besichtigt wird. Schlepperlose Vereinsmitglieder und Kinder k\u00f6nnen im Planwagen mitfahren. Abends gibt es dann f\u00fcr alle ein leckeres Grillbuffet.<\/p>\n","protected":false},"excerpt":{"rendered":"<p>Die Loyer Treckerfreunde sind eine Interessengemeinschaft aus der Gemeinde Rastede. Unser Verein (n. e. V.) z\u00e4hlt ca. 130 Mitglieder &#8211; alle teilen das Interesse und die Liebe zu Oldtimertreckern und landwirtschaftlichen Ger\u00e4ten. Unsere Mitglieder bringen ca. 90 Trecker mit in den Verein. Vom Deutz \u00fcber G\u00fcldner bis Unimog ist (fast) alles dabei. Die Entstehung der [&hellip;]<\/p>\n","protected":false},"author":1,"featured_media":0,"parent":0,"menu_order":0,"comment_status":"closed","ping_status":"closed","template":"","meta":{"ngg_post_thumbnail":0,"footnotes":""},"class_list":["post-124","page","type-page","status-publish","hentry","post-preview"],"_links":{"self":[{"href":"https:\/\/loyertreckerfreunde.de\/index.php\/wp-json\/wp\/v2\/pages\/124","targetHints":{"allow":["GET"]}}],"collection":[{"href":"https:\/\/loyertreckerfreunde.de\/index.php\/wp-json\/wp\/v2\/pages"}],"about":[{"href":"https:\/\/loyertreckerfreunde.de\/index.php\/wp-json\/wp\/v2\/types\/page"}],"author":[{"embeddable":true,"href":"https:\/\/loyertreckerfreunde.de\/index.php\/wp-json\/wp\/v2\/users\/1"}],"replies":[{"embeddable":true,"href":"https:\/\/loyertreckerfreunde.de\/index.php\/wp-json\/wp\/v2\/comments?post=124"}],"version-history":[{"count":20,"href":"https:\/\/loyertreckerfreunde.de\/index.php\/wp-json\/wp\/v2\/pages\/124\/revisions"}],"predecessor-version":[{"id":1620,"href":"https:\/\/loyertreckerfreunde.de\/index.php\/wp-json\/wp\/v2\/pages\/124\/revisions\/1620"}],"wp:attachment":[{"href":"https:\/\/loyertreckerfreunde.de\/index.php\/wp-json\/wp\/v2\/media?parent=124"}],"curies":[{"name":"wp","href":"https:\/\/api.w.org\/{rel}","templated":true}]}}